{"id":133,"date":"2026-04-09T15:15:41","date_gmt":"2026-04-09T15:15:41","guid":{"rendered":"https:\/\/ilgiardinodelmare.it\/index.php\/services\/"},"modified":"2026-04-09T15:15:54","modified_gmt":"2026-04-09T15:15:54","slug":"services","status":"publish","type":"page","link":"https:\/\/ilgiardinodelmare.it\/index.php\/services\/","title":{"rendered":"Services"},"content":{"rendered":"\n  \n    <section class=\"skrollable u-clearfix u-container-align-center u-image u-parallax u-shading u-uploaded-video u-section-1\" data-image-width=\"1980\" data-image-height=\"1317\" id=\"block-1\" style=\"background-image: linear-gradient(0deg, rgba(0, 0, 0, 0.35), rgba(0, 0, 0, 0.35)), url(&quot;https:\/\/ilgiardinodelmare.it\/wp-content\/uploads\/2026\/04\/legumes-fruit-salmon-pieces-wooden-plate3.jpg&quot;);\">\n      <div class=\"u-clearfix u-sheet u-sheet-1\">\n        <h1 class=\"u-align-center u-text u-text-default u-text-1\">I nostri servizi<\/h1>\n        <p class=\"u-align-center u-text u-text-default u-text-2\" data-animation-name=\"customAnimationIn\" data-animation-duration=\"1500\" data-animation-delay=\"800\">Immagini da <a href=\"https:\/\/www.freepik.com\/\" class=\"u-border-1 u-border-active-palette-1-base u-border-hover-palette-1-base u-border-no-left u-border-no-right u-border-no-top u-border-white u-bottom-left-radius-0 u-bottom-right-radius-0 u-btn u-button-link u-button-style u-none u-radius-0 u-text-active-white u-text-body-alt-color u-text-hover-white u-top-left-radius-0 u-top-right-radius-0 u-btn-1\" target=\"_blank\">Freepik<\/a>\n        <\/p>\n        <a href=\"#\" class=\"u-active-white u-align-center u-border-2 u-border-active-white u-border-hover-white u-border-white u-btn u-btn-round u-button-style u-hover-white u-none u-radius u-text-active-black u-text-hover-black u-btn-2\" data-animation-name=\"\" data-animation-duration=\"0\" data-animation-delay=\"0\" data-animation-direction=\"\">Contattaci<\/a>\n      <\/div>\n    <\/section>\n    <section class=\"u-align-center u-clearfix u-container-align-center u-section-2\" id=\"block-2\">\n      \n      \n      \n      \n      \n      \n      \n      \n      \n      \n      \n      \n      \n      \n      \n      \n      <div class=\"u-clearfix u-sheet u-sheet-1\">\n        <div class=\"u-expanded-width u-list u-list-1\">\n          <div class=\"u-repeater u-repeater-1\">\n            <div class=\"u-align-left u-container-align-center u-container-align-left u-container-style u-list-item u-radius u-repeater-item u-shape-round u-video-cover u-white u-list-item-1\" data-animation-name=\"customAnimationIn\" data-animation-duration=\"1500\" data-animation-delay=\"0\">\n              <div class=\"u-container-layout u-similar-container u-valign-top u-container-layout-1\"><span class=\"u-align-center u-file-icon u-icon u-text-palette-1-base u-icon-1\"><img decoding=\"async\" src=\"https:\/\/ilgiardinodelmare.it\/wp-content\/uploads\/2026\/04\/46e26eed.png\" alt=\"\"><\/span>\n                <h4 class=\"u-align-center u-custom-font u-font-roboto-condensed u-text u-text-1\">Competenza clinica<\/h4>\n                <p class=\"u-align-center u-text u-text-2\">Excepteur sint occaecat cupidatat non proident, sunt in culpa qui officia deserunt<\/p>\n                <a href=\"#\" class=\"u-align-center u-border-1 u-border-active-black u-border-hover-black u-border-no-left u-border-no-right u-border-no-top u-border-palette-1-base u-bottom-left-radius-0 u-bottom-right-radius-0 u-btn u-button-style u-none u-radius-0 u-text-active-black u-text-body-color u-text-hover-black u-top-left-radius-0 u-top-right-radius-0 u-btn-1\">Di pi\u00f9<\/a>\n              <\/div>\n            <\/div>\n            <div class=\"u-align-left u-container-align-center u-container-align-left u-container-style u-list-item u-radius u-repeater-item u-shape-round u-white u-list-item-2\" data-animation-name=\"customAnimationIn\" data-animation-duration=\"1500\" data-animation-delay=\"0\">\n              <div class=\"u-container-layout u-similar-container u-valign-top u-container-layout-2\"><span class=\"u-align-center u-file-icon u-icon u-text-palette-1-base u-icon-2\"><img decoding=\"async\" src=\"https:\/\/ilgiardinodelmare.it\/wp-content\/uploads\/2026\/04\/a23fef34.png\" alt=\"\"><\/span>\n                <h4 class=\"u-align-center u-custom-font u-font-roboto-condensed u-text u-text-3\">Servizi del Men\u00f9<\/h4>\n                <p class=\"u-align-center u-text u-text-4\">Excepteur sint occaecat cupidatat non proident, sunt in culpa qui officia deserunt<\/p>\n                <a href=\"#\" class=\"u-align-center u-border-1 u-border-active-black u-border-hover-black u-border-no-left u-border-no-right u-border-no-top u-border-palette-1-base u-bottom-left-radius-0 u-bottom-right-radius-0 u-btn u-button-style u-none u-radius-0 u-text-active-black u-text-body-color u-text-hover-black u-top-left-radius-0 u-top-right-radius-0 u-btn-2\">Di pi\u00f9<\/a>\n              <\/div>\n            <\/div>\n            <div class=\"u-align-left u-container-align-center u-container-align-left u-container-style u-list-item u-radius u-repeater-item u-shape-round u-video-cover u-white u-list-item-3\" data-animation-name=\"customAnimationIn\" data-animation-duration=\"1500\" data-animation-delay=\"0\">\n              <div class=\"u-container-layout u-similar-container u-valign-top u-container-layout-3\"><span class=\"u-align-center u-file-icon u-icon u-text-palette-1-base u-icon-3\"><img decoding=\"async\" src=\"https:\/\/ilgiardinodelmare.it\/wp-content\/uploads\/2026\/04\/3eb014a2.png\" alt=\"\"><\/span>\n                <h4 class=\"u-align-center u-custom-font u-font-roboto-condensed u-text u-text-5\">Vivere sano<\/h4>\n                <p class=\"u-align-center u-text u-text-6\">Excepteur sint occaecat cupidatat non proident, sunt in culpa qui officia deserunt<\/p>\n                <a href=\"#\" class=\"u-align-center u-border-1 u-border-active-black u-border-hover-black u-border-no-left u-border-no-right u-border-no-top u-border-palette-1-base u-bottom-left-radius-0 u-bottom-right-radius-0 u-btn u-button-style u-none u-radius-0 u-text-active-black u-text-body-color u-text-hover-black u-top-left-radius-0 u-top-right-radius-0 u-btn-3\">Di pi\u00f9<\/a>\n              <\/div>\n            <\/div>\n            <div class=\"u-align-left u-container-align-center u-container-align-left u-container-style u-list-item u-radius u-repeater-item u-shape-round u-video-cover u-white u-list-item-4\" data-animation-name=\"customAnimationIn\" data-animation-duration=\"1500\" data-animation-delay=\"0\">\n              <div class=\"u-container-layout u-similar-container u-valign-top u-container-layout-4\"><span class=\"u-align-center u-file-icon u-icon u-text-palette-1-base u-icon-4\"><img decoding=\"async\" src=\"https:\/\/ilgiardinodelmare.it\/wp-content\/uploads\/2026\/04\/42ac18b5.png\" alt=\"\"><\/span>\n                <h4 class=\"u-align-center u-custom-font u-font-roboto-condensed u-text u-text-7\">Nutrizione medica<\/h4>\n                <p class=\"u-align-center u-text u-text-8\">Excepteur sint occaecat cupidatat non proident, sunt in culpa qui officia deserunt<\/p>\n                <a href=\"#\" class=\"u-align-center u-border-1 u-border-active-black u-border-hover-black u-border-no-left u-border-no-right u-border-no-top u-border-palette-1-base u-bottom-left-radius-0 u-bottom-right-radius-0 u-btn u-button-style u-none u-radius-0 u-text-active-black u-text-body-color u-text-hover-black u-top-left-radius-0 u-top-right-radius-0 u-btn-4\">Di pi\u00f9<\/a>\n              <\/div>\n            <\/div>\n          <\/div>\n        <\/div>\n      <\/div>\n    <\/section>\n    <section class=\"u-align-center u-clearfix u-container-align-center u-white u-section-3\" id=\"block-3\">\n      <div class=\"u-clearfix u-sheet u-valign-middle u-sheet-1\">\n        <h2 class=\"u-text u-text-default u-text-1\" data-animation-name=\"customAnimationIn\" data-animation-duration=\"1500\" data-animation-delay=\"0\">Comunit\u00e0 in crescita<\/h2>\n        <div class=\"u-expanded-width u-list u-list-1\">\n          <div class=\"u-repeater u-repeater-1\">\n            <div class=\"u-container-style u-list-item u-opacity u-opacity-75 u-repeater-item u-shape-rectangle u-list-item-1\" data-animation-name=\"customAnimationIn\" data-animation-duration=\"1500\" data-animation-delay=\"250\">\n              <div class=\"u-container-layout u-similar-container u-container-layout-1\"><span class=\"u-file-icon u-icon u-text-palette-1-base u-icon-1\"><img decoding=\"async\" src=\"https:\/\/ilgiardinodelmare.it\/wp-content\/uploads\/2026\/04\/ca7e0699.png\" alt=\"\"><\/span>\n                <h4 class=\"u-align-left u-text u-text-2\">Vita sana<\/h4>\n                <p class=\"u-align-left u-text u-text-3\">Sample text. Click to select the text box. Click again or double click to start editing the text.<\/p>\n              <\/div>\n            <\/div>\n            <div class=\"u-container-style u-list-item u-opacity u-opacity-75 u-repeater-item u-shape-rectangle u-list-item-2\" data-animation-name=\"customAnimationIn\" data-animation-duration=\"1500\" data-animation-delay=\"250\">\n              <div class=\"u-container-layout u-similar-container u-container-layout-2\"><span class=\"u-file-icon u-icon u-text-palette-1-base u-icon-2\"><img decoding=\"async\" src=\"https:\/\/ilgiardinodelmare.it\/wp-content\/uploads\/2026\/04\/6b0b95ff.png\" alt=\"\"><\/span>\n                <h4 class=\"u-align-left u-text u-text-4\">I nostri principi<\/h4>\n                <p class=\"u-align-left u-text u-text-5\">Sample text. Click to select the text box. Click again or double click to start editing the text.<\/p>\n              <\/div>\n            <\/div>\n            <div class=\"u-container-style u-list-item u-opacity u-opacity-75 u-repeater-item u-shape-rectangle u-list-item-3\" data-animation-name=\"customAnimationIn\" data-animation-duration=\"1500\" data-animation-delay=\"250\">\n              <div class=\"u-container-layout u-similar-container u-container-layout-3\"><span class=\"u-file-icon u-icon u-text-palette-1-base u-icon-3\"><img decoding=\"async\" src=\"https:\/\/ilgiardinodelmare.it\/wp-content\/uploads\/2026\/04\/74104c35.png\" alt=\"\"><\/span>\n                <h4 class=\"u-align-left u-text u-text-6\">Pratiche agricole<\/h4>\n                <p class=\"u-align-left u-text u-text-7\">Sample text. Click to select the text box. Click again or double click to start editing the text.<\/p>\n              <\/div>\n            <\/div>\n            <div class=\"u-container-style u-list-item u-opacity u-opacity-75 u-repeater-item u-shape-rectangle u-list-item-4\" data-animation-name=\"customAnimationIn\" data-animation-duration=\"1500\" data-animation-delay=\"250\">\n              <div class=\"u-container-layout u-similar-container u-container-layout-4\"><span class=\"u-file-icon u-icon u-text-palette-1-base u-icon-4\"><img decoding=\"async\" src=\"https:\/\/ilgiardinodelmare.it\/wp-content\/uploads\/2026\/04\/d0b09eff.png\" alt=\"\"><\/span>\n                <h4 class=\"u-align-left u-text u-text-8\">Piano personalizzato<\/h4>\n                <p class=\"u-align-left u-text u-text-9\">Sample text. Click to select the text box. Click again or double click to start editing the text.<\/p>\n              <\/div>\n            <\/div>\n            <div class=\"u-container-style u-list-item u-opacity u-opacity-75 u-repeater-item u-shape-rectangle u-list-item-5\" data-animation-name=\"customAnimationIn\" data-animation-duration=\"1500\" data-animation-delay=\"250\">\n              <div class=\"u-container-layout u-similar-container u-container-layout-5\"><span class=\"u-file-icon u-icon u-text-palette-1-base u-icon-5\"><img decoding=\"async\" src=\"https:\/\/ilgiardinodelmare.it\/wp-content\/uploads\/2026\/04\/700f7d0f.png\" alt=\"\"><\/span>\n                <h4 class=\"u-align-left u-text u-text-10\">Allenamento<\/h4>\n                <p class=\"u-align-left u-text u-text-11\">Sample text. Click to select the text box. Click again or double click to start editing the text.<\/p>\n              <\/div>\n            <\/div>\n            <div class=\"u-container-style u-list-item u-opacity u-opacity-75 u-repeater-item u-shape-rectangle u-list-item-6\" data-animation-name=\"customAnimationIn\" data-animation-duration=\"1500\" data-animation-delay=\"250\">\n              <div class=\"u-container-layout u-similar-container u-container-layout-6\"><span class=\"u-file-icon u-icon u-text-palette-1-base u-icon-6\"><img decoding=\"async\" src=\"https:\/\/ilgiardinodelmare.it\/wp-content\/uploads\/2026\/04\/ddcc1b52.png\" alt=\"\"><\/span>\n                <h4 class=\"u-align-left u-text u-text-12\">Assistenza familiare<\/h4>\n                <p class=\"u-align-left u-text u-text-13\">Sample text. Click to select the text box. Click again or double click to start editing the text.<\/p>\n              <\/div>\n            <\/div>\n          <\/div>\n        <\/div>\n      <\/div>\n    <\/section>\n    <section class=\"u-align-center u-clearfix u-container-align-center u-palette-1-light-2 u-section-4\" id=\"block-4\">\n      <div class=\"u-clearfix u-sheet u-valign-middle u-sheet-1\">\n        <h2 class=\"u-align-center u-text u-text-default u-text-1\" data-animation-name=\"customAnimationIn\" data-animation-duration=\"1500\" data-animation-delay=\"500\">Ecco come funziona la nostra nutrizione<\/h2>\n        <p class=\"u-align-center u-text u-text-default u-text-2\" data-animation-name=\"customAnimationIn\" data-animation-duration=\"1500\" data-animation-delay=\"500\"> Duis aute irure dolor in reprehenderit in voluptate velit esse cillum dolore <\/p>\n        <div class=\"u-expanded-width u-list u-list-1\">\n          <div class=\"u-repeater u-repeater-1\">\n            <div class=\"u-align-left u-container-align-center u-container-align-left u-container-style u-list-item u-radius-20 u-repeater-item u-shape-round u-white u-list-item-1\" data-animation-name=\"customAnimationIn\" data-animation-duration=\"1500\" data-animation-delay=\"0\">\n              <div class=\"u-container-layout u-similar-container u-valign-top u-container-layout-1\">\n                <div class=\"u-align-center u-container-align-center u-container-style u-group u-palette-1-light-2 u-radius-50 u-shape-round u-group-1\">\n                  <div class=\"u-container-layout u-valign-middle\">\n                    <h6 class=\"u-text u-text-palette-1-base u-text-3\">1<\/h6>\n                  <\/div>\n                <\/div>\n                <h5 class=\"u-align-center u-text u-text-4\">Fissa un appuntamento<\/h5>\n                <p class=\"u-align-center u-text u-text-default u-text-5\">Sample text. Click to select the text box. Click again or double click to start editing the text.<\/p>\n                <a href=\"#\" class=\"u-active-palette-1-light-1 u-align-center u-border-2 u-border-palette-1-light-1 u-btn u-btn-round u-button-style u-hover-palette-1-light-1 u-none u-radius u-text-hover-white u-btn-1\">Di pi\u00f9<\/a>\n              <\/div>\n            <\/div>\n            <div class=\"u-align-left u-container-align-center u-container-align-left u-container-style u-list-item u-radius-20 u-repeater-item u-shape-round u-video-cover u-white u-list-item-2\" data-animation-name=\"customAnimationIn\" data-animation-duration=\"1500\">\n              <div class=\"u-container-layout u-similar-container u-valign-top u-container-layout-3\">\n                <div class=\"u-align-center u-container-align-center u-container-style u-group u-palette-1-light-2 u-radius-50 u-shape-round u-group-2\">\n                  <div class=\"u-container-layout u-valign-middle\">\n                    <h6 class=\"u-text u-text-default u-text-palette-1-base u-text-6\">2<\/h6>\n                  <\/div>\n                <\/div>\n                <h5 class=\"u-align-center u-text u-text-7\">Ottieni copertura assicurativa<\/h5>\n                <p class=\"u-align-center u-text u-text-default u-text-8\">Sample text. Click to select the text box. Click again or double click to start editing the text.<\/p>\n                <a href=\"#\" class=\"u-active-palette-1-light-1 u-align-center u-border-2 u-border-palette-1-light-1 u-btn u-btn-round u-button-style u-hover-palette-1-light-1 u-none u-radius u-text-hover-white u-btn-2\">Di pi\u00f9<\/a>\n              <\/div>\n            <\/div>\n            <div class=\"u-align-left u-container-align-center u-container-align-left u-container-style u-list-item u-radius-20 u-repeater-item u-shape-round u-video-cover u-white u-list-item-3\" data-animation-name=\"customAnimationIn\" data-animation-duration=\"1500\">\n              <div class=\"u-container-layout u-similar-container u-valign-top u-container-layout-5\">\n                <div class=\"u-align-center u-container-align-center u-container-style u-group u-palette-1-light-2 u-radius-50 u-shape-round u-group-3\">\n                  <div class=\"u-container-layout u-valign-middle\">\n                    <h6 class=\"u-text u-text-default u-text-palette-1-base u-text-9\">3<\/h6>\n                  <\/div>\n                <\/div>\n                <h5 class=\"u-align-center u-text u-text-10\">Incontra il nostro nutrizionista<\/h5>\n                <p class=\"u-align-center u-text u-text-default u-text-11\">Sample text. Click to select the text box. Click again or double click to start editing the text.<\/p>\n                <a href=\"#\" class=\"u-active-palette-1-light-1 u-align-center u-border-2 u-border-palette-1-light-1 u-btn u-btn-round u-button-style u-hover-palette-1-light-1 u-none u-radius u-text-hover-white u-btn-3\">Di pi\u00f9<\/a>\n              <\/div>\n            <\/div>\n            <div class=\"u-align-left u-container-align-center u-container-align-left u-container-style u-list-item u-radius-20 u-repeater-item u-shape-round u-video-cover u-white u-list-item-4\" data-animation-name=\"customAnimationIn\" data-animation-duration=\"1500\">\n              <div class=\"u-container-layout u-similar-container u-valign-top u-container-layout-7\">\n                <div class=\"u-align-center u-container-align-center u-container-style u-group u-palette-1-light-2 u-radius-50 u-shape-round u-group-4\">\n                  <div class=\"u-container-layout u-valign-middle\">\n                    <h6 class=\"u-text u-text-default u-text-palette-1-base u-text-12\">4<\/h6>\n                  <\/div>\n                <\/div>\n                <h5 class=\"u-align-center u-text u-text-13\">Ottieni supporto<\/h5>\n                <p class=\"u-align-center u-text u-text-default u-text-14\">Sample text. Click to select the text box. Click again or double click to start editing the text.<\/p>\n                <a href=\"#\" class=\"u-active-palette-1-light-1 u-align-center u-border-2 u-border-palette-1-light-1 u-btn u-btn-round u-button-style u-hover-palette-1-light-1 u-none u-radius u-text-hover-white u-btn-4\">Di pi\u00f9<\/a>\n              <\/div>\n            <\/div>\n          <\/div>\n        <\/div>\n      <\/div>\n    <\/section>\n    <section class=\"u-align-center u-clearfix u-container-align-center u-white u-section-5\" id=\"block-5\">\n      <div class=\"u-clearfix u-sheet u-valign-middle u-sheet-1\">\n        <div class=\"data-layout-selected u-clearfix u-expanded-width u-layout-wrap u-layout-wrap-1\">\n          <div class=\"u-layout\">\n            <div class=\"u-layout-row\">\n              <div class=\"u-container-style u-layout-cell u-palette-1-light-2 u-radius u-shape-round u-size-22-lg u-size-22-xl u-size-60-md u-size-60-sm u-size-60-xs u-layout-cell-1\" data-animation-name=\"customAnimationIn\" data-animation-duration=\"1500\">\n                <div class=\"u-container-layout u-valign-middle u-container-layout-1\">\n                  <div class=\"u-image u-image-circle u-image-1\" alt=\"\" data-image-width=\"740\" data-image-height=\"1109\" style=\"background-image: url(&quot;https:\/\/ilgiardinodelmare.it\/wp-content\/uploads\/2026\/04\/brunette-woman-eating-salad_23-2.jpg&quot;);\"><\/div>\n                  <h3 class=\"u-align-left u-text u-text-1\">Dire ciao<\/h3>\n                  <p class=\"u-align-left u-text u-text-default u-text-2\"> Lorem ipsum dolor sit amet, consectetur adipiscing elit, sed do eiusmod tempor incididunt ut labore et dolore magna aliqua. <\/p>\n                <\/div>\n              <\/div>\n              <div class=\"u-container-align-center-lg u-container-align-center-xl u-container-align-left-md u-container-style u-layout-cell u-size-38-lg u-size-38-xl u-size-60-md u-size-60-sm u-size-60-xs u-layout-cell-2\" data-animation-name=\"customAnimationIn\" data-animation-duration=\"1500\" data-animation-delay=\"500\">\n                <div class=\"u-container-layout u-valign-middle-lg u-valign-middle-md u-valign-middle-xl u-container-layout-2\">\n                  <div class=\"u-form u-form-1\">\n                    <form action=\"https:\/\/service.nicepagesrv.com\/form\/v4\/form-process\" class=\"u-clearfix u-form-spacing-28 u-form-vertical u-inner-form\" source=\"email\" name=\"form\" style=\"padding: 0px;\">\n                      <div class=\"u-form-group u-form-name u-form-partition-factor-2 u-form-group-1\">\n                        <label for=\"name-8e54\" class=\"u-label\">First Name<\/label>\n                        <input type=\"text\" placeholder=\"Enter your First Name\" id=\"name-8e54\" name=\"name-1\" class=\"u-border-2 u-border-no-left u-border-no-right u-border-no-top u-border-palette-1-light-1 u-input u-input-rectangle u-none\" required=\"\">\n                      <\/div>\n                      <div class=\"u-form-group u-form-name u-form-partition-factor-2 u-form-group-2\">\n                        <label for=\"name-8e54\" class=\"u-label\">Last Name<\/label>\n                        <input type=\"text\" placeholder=\"Enter your Last Name\" id=\"name-8e54\" name=\"name-2\" class=\"u-border-2 u-border-no-left u-border-no-right u-border-no-top u-border-palette-1-light-1 u-input u-input-rectangle u-none\" required=\"\">\n                      <\/div>\n                      <div class=\"u-form-email u-form-group u-form-partition-factor-2\">\n                        <label for=\"email-c6a3\" class=\"u-label\">Email<\/label>\n                        <input type=\"email\" placeholder=\"Enter a valid email address\" id=\"email-c6a3\" name=\"email\" class=\"u-border-2 u-border-no-left u-border-no-right u-border-no-top u-border-palette-1-light-1 u-input u-input-rectangle u-none\" required=\"\">\n                      <\/div>\n                      <div class=\"u-form-group u-form-partition-factor-2 u-form-phone u-form-group-4\">\n                        <label for=\"phone-84d9\" class=\"u-label\">Phone<\/label>\n                        <input type=\"tel\" pattern=\"+?d{0,3}[s(-]?([0-9]{2,3})[s)-]?([s-]?)([0-9]{3})[s-]?([0-9]{2})[s-]?([0-9]{2})\" placeholder=\"Enter your phone (e.g. +14155552675)\" id=\"phone-84d9\" name=\"phone\" class=\"u-border-2 u-border-no-left u-border-no-right u-border-no-top u-border-palette-1-light-1 u-input u-input-rectangle u-none\" required=\"\">\n                      <\/div>\n                      <div class=\"u-form-group u-form-message\">\n                        <label for=\"message-c6a3\" class=\"u-label\">Message<\/label>\n                        <textarea placeholder=\"Enter your message\" rows=\"4\" cols=\"50\" id=\"message-c6a3\" name=\"message\" class=\"u-border-2 u-border-no-left u-border-no-right u-border-no-top u-border-palette-1-light-1 u-input u-input-rectangle u-none\" required=\"\"><\/textarea>\n                      <\/div>\n                      <div class=\"u-align-center u-form-group u-form-submit\">\n                        <a href=\"#\" class=\"u-active-palette-1-light-1 u-border-none u-btn u-btn-round u-btn-submit u-button-style u-hover-palette-1-light-1 u-palette-1-dark-1 u-radius u-btn-1\">Invia<\/a>\n                        <input type=\"submit\" value=\"submit\" class=\"u-form-control-hidden\">\n                      <\/div>\n                      <div class=\"u-form-send-message u-form-send-success\">Grazie! Il tuo messaggio \u00e8 stato inviato.<\/div>\n                      <div class=\"u-form-send-error u-form-send-message\">Impossibile inviare il messaggio. Correggere gli errori e riprovare.<\/div>\n                      <input type=\"hidden\" value=\"\" name=\"recaptchaResponse\">\n                      <input type=\"hidden\" name=\"formServices\" value=\"\">\n                    <\/form>\n                  <\/div>\n                <\/div>\n              <\/div>\n            <\/div>\n          <\/div>\n        <\/div>\n      <\/div>\n    <\/section>\n    \n    \n    \n    \n    \n    \n    \n  \n","protected":false},"excerpt":{"rendered":"<p>I nostri servizi Immagini da Freepik Contattaci Competenza clinica Excepteur sint occaecat cupidatat non proident, sunt in culpa qui officia deserunt Di pi\u00f9 Servizi del Men\u00f9 Excepteur sint occaecat cupidatat non proident, sunt in culpa qui officia deserunt Di pi\u00f9 Vivere sano Excepteur sint occaecat cupidatat non proident, sunt in culpa qui officia deserunt Di &hellip; <a href=\"https:\/\/ilgiardinodelmare.it\/index.php\/services\/\" class=\"more-link\">Continue reading<span class=\"screen-reader-text\"> &#8220;Services&#8221;<\/span><\/a><\/p>\n","protected":false},"author":1,"featured_media":0,"parent":0,"menu_order":6,"comment_status":"closed","ping_status":"closed","template":"","meta":{"footnotes":""},"class_list":["post-133","page","type-page","status-publish","hentry"],"_links":{"self":[{"href":"https:\/\/ilgiardinodelmare.it\/index.php\/wp-json\/wp\/v2\/pages\/133","targetHints":{"allow":["GET"]}}],"collection":[{"href":"https:\/\/ilgiardinodelmare.it\/index.php\/wp-json\/wp\/v2\/pages"}],"about":[{"href":"https:\/\/ilgiardinodelmare.it\/index.php\/wp-json\/wp\/v2\/types\/page"}],"author":[{"embeddable":true,"href":"https:\/\/ilgiardinodelmare.it\/index.php\/wp-json\/wp\/v2\/users\/1"}],"replies":[{"embeddable":true,"href":"https:\/\/ilgiardinodelmare.it\/index.php\/wp-json\/wp\/v2\/comments?post=133"}],"version-history":[{"count":1,"href":"https:\/\/ilgiardinodelmare.it\/index.php\/wp-json\/wp\/v2\/pages\/133\/revisions"}],"predecessor-version":[{"id":156,"href":"https:\/\/ilgiardinodelmare.it\/index.php\/wp-json\/wp\/v2\/pages\/133\/revisions\/156"}],"wp:attachment":[{"href":"https:\/\/ilgiardinodelmare.it\/index.php\/wp-json\/wp\/v2\/media?parent=133"}],"curies":[{"name":"wp","href":"https:\/\/api.w.org\/{rel}","templated":true}]}}