{"id":138,"date":"2026-04-09T15:15:46","date_gmt":"2026-04-09T15:15:46","guid":{"rendered":"https:\/\/ilgiardinodelmare.it\/index.php\/bungalow-lavanda-1\/"},"modified":"2026-04-13T17:13:57","modified_gmt":"2026-04-13T17:13:57","slug":"bungalow-lavanda-1","status":"publish","type":"page","link":"https:\/\/ilgiardinodelmare.it\/index.php\/bungalow-lavanda-1\/","title":{"rendered":"Bungalow Lavanda 1"},"content":{"rendered":"\n  \n    \n    <section class=\"u-align-left u-clearfix u-container-align-left u-palette-1-light-2 u-valign-middle-lg u-valign-middle-md u-valign-middle-sm u-valign-middle-xs u-section-2\" id=\"block-1\">\n      <div class=\"u-clearfix u-sheet u-valign-middle-xl u-sheet-1\">\n        <div class=\"custom-expanded data-layout-selected u-clearfix u-layout-wrap u-layout-wrap-1\">\n          <div class=\"u-gutter-0 u-layout\" style=\"\">\n            <div class=\"u-layout-row\" style=\"\">\n              <div class=\"u-container-align-center u-container-style u-layout-cell u-shape-rectangle u-size-28 u-layout-cell-1\" data-animation-name=\"customAnimationIn\" data-animation-duration=\"1500\" data-animation-delay=\"500\">\n                <div class=\"u-container-layout u-valign-middle u-container-layout-1\">\n                  <h3 class=\"u-align-center u-text u-text-default u-text-1\"> Bungalow Lavanda 1&nbsp;&nbsp;<\/h3>\n                  <div class=\"u-btn-round u-calendar u-radius u-spacing-30 u-calendar-1\" data-href=\"#popup-fda3\" data-calendar-token=\"eyJhbGciOiJSU0EtT0FFUCIsImVuYyI6IkEyNTZHQ00ifQ.qJR-z_ZEve9WjPEHIosCC_0ov8TWAAnulnA7kPH6pPNU5592XQqV86i9S1zzXssIsqPPNyKHdZ2kMMOWhbvewyBa6AuSNMm-trekayRAUrgw9hmzoTT96MlR7PFvd07ggmyC9tL6fCmUuGvyC7jXoTLO0s9f13ldJRJShGZylfhWEu57fS_NYLpZCZ7KZnYoUcSVone945U8_n9URrt6hL8HNBbhMltumMB8bMVFxe7NNEy4q-hKsN4WBzoCkiGLvvOT4hO12Dr8XXMd5ytkbGdWAG28bEDENyUX6k7fAfIcMIgVxXo_hVaU4kJnZRu24EXhZu6Yt8w4xmOKBKCwTg.0pdkzT3JoJJ5Ltns.0IjmkJ3BCMaL3cQGRBPzRc3IqL3SlqDvjYgskXFvtxVcIsvnb1hZqJOXi6DOm3HxSMzyd1ooJjVm5Lph2LS663ZuA9Yn.5I-sy4N0kFa7BG0fs0mtHQ\">\n                    <div class=\"u-datepicker-container\" style=\"position: relative;\">\n                      <div class=\"datepicker\"><\/div>\n                    <\/div>\n                    <div class=\"u-calendar-time-container\">\n                      <div class=\"u-calendar-time-container-inner\">\n                        <div class=\"u-calendar-timezone u-text\"><\/div>\n                        <ul class=\"u-calendar-time-list u-unstyled\" style=\"height: 333px;\"><li class=\"fake u-active-white u-border-2 u-border-active-palette-1-base u-border-hover-palette-1-base u-border-palette-1-base u-btn-round u-calendar-time-slot u-hidden u-hover-white u-palette-1-light-2 u-radius u-text-black u-calendar-time-slot-1\">--:--<\/li><\/ul>\n                      <\/div>\n                    <\/div>\n                    <div class=\"u-calendar-no-slots-message\">There are no available time slots for this date.<\/div>\n                    <div class=\"u-calendar-success-message\">You have successfully booked the appointment.<\/div>\n                    <div class=\"u-calendar-conflict-message\">Unable to book the appointment for this time slot. Please book another one.<\/div>\n                    <div class=\"u-calendar-error-message\">An unexpected error occurred.<\/div>\n                  <\/div>\n                <\/div>\n              <\/div>\n              <div class=\"u-align-left u-container-align-left u-container-style u-image u-layout-cell u-size-32 u-image-1\" data-animation-name=\"customAnimationIn\" data-animation-duration=\"1500\" data-animation-delay=\"250\" data-image-width=\"795\" data-image-height=\"499\" style=\"background-image: url(&quot;https:\/\/ilgiardinodelmare.it\/wp-content\/uploads\/2026\/04\/soggiornolavanda2.jpg&quot;);\">\n                <div class=\"u-container-layout u-container-layout-2\"><\/div>\n              <\/div>\n            <\/div>\n          <\/div>\n        <\/div>\n      <\/div>\n    <\/section>\n    <section class=\"u-clearfix u-palette-1-light-2 u-section-3\" id=\"block-6\">\n      <p class=\"u-align-justify u-text u-text-1\">Il bungalow \u00e8 stato rinnovato pensando alle fresche estati del giugno mediterraneo, quando la lavanda \u00e8 in fiore e le giornate sono terse e luminose. Declinato nei toni tortora e viola-azzurro chiaro, questo grazioso bungalow \u00e8 a 80 metri dal mare.Il bungalow si trova di fronte a via della Pineta, da cui \u00e8 diviso da una siepe. Insieme ai bungalow 2, 3, 4 e 5 \u00e8 il pi\u00f9 diretto per l'accesso al mare. E' composto da patio\/terrazza con tavolo e sedie da giardino, ingresso, soggiorno con tavolo, sedie e 2 panche, un bagno con doccia e bidet, 2 camere da letto che possono contenere un massimo di 4 o 5 posti letto. La cucina \u00e8 attrezzata con lavatrice, frigorifero e microonde e completa di tutto il necessario per cucinare: pentole, piatti, posate, utensili e canovacci.<br><i><\/i><i><\/i>\n      <\/p>\n      <p class=\"u-align-justify u-text u-text-2\"><i>Decorated in taupe tones and purple light blue, the bungalow is located overlooking Via della Pineta, which is divided by a hedge. Together with the bungalow 2, 3, 4 and 5 is the most direct access to the sea.<\/i><i>The bungalow is 80 meters far from the beach and it is composed by a patio\/terrace with table and chairs, living room with table, 2 chairs and two benches, a bathroom with shower and bidet, 2 bedrooms that can hold up to 4 or 5 beds.&nbsp;<\/i><i>The kitchen is equipped with washing machine, refrigerator and microwave, complete with everything needed for cooking: pots, plates, cutlery, utensils and tea towels.<\/i>\n      <\/p>\n    <\/section>\n    <section class=\"u-clearfix u-palette-1-light-2 u-valign-middle-xl u-section-4\" id=\"block-7\">\n      <div class=\"custom-expanded u-gallery u-layout-grid u-lightbox u-no-transition u-show-text-none u-gallery-1\">\n        <div class=\"u-gallery-inner u-gallery-inner-1\">\n          <div class=\"u-effect-hover-zoom u-gallery-item\">\n            <div class=\"u-back-slide\" data-image-width=\"900\" data-image-height=\"621\">\n              <img decoding=\"async\" class=\"u-back-image u-expanded\" src=\"https:\/\/ilgiardinodelmare.it\/wp-content\/uploads\/2026\/04\/esterno1.jpg\">\n            <\/div>\n            <div class=\"u-over-slide u-shading u-over-slide-1\"><\/div>\n          <\/div>\n          <div class=\"u-effect-hover-zoom u-gallery-item\">\n            <div class=\"u-back-slide\" data-image-width=\"1024\" data-image-height=\"770\">\n              <img decoding=\"async\" class=\"u-back-image u-expanded\" src=\"https:\/\/ilgiardinodelmare.it\/wp-content\/uploads\/2026\/04\/soggiornolavandabook2.jpg\">\n            <\/div>\n            <div class=\"u-over-slide u-shading u-over-slide-2\"><\/div>\n          <\/div>\n          <div class=\"u-effect-hover-zoom u-gallery-item\">\n            <div class=\"u-back-slide\" data-image-width=\"800\" data-image-height=\"971\">\n              <img decoding=\"async\" class=\"u-back-image u-expanded\" src=\"https:\/\/ilgiardinodelmare.it\/wp-content\/uploads\/2026\/04\/angolocotturalav.jpeg\">\n            <\/div>\n            <div class=\"u-over-slide u-shading u-over-slide-3\"><\/div>\n          <\/div>\n          <div class=\"u-effect-hover-zoom u-gallery-item\">\n            <div class=\"u-back-slide\" data-image-width=\"340\" data-image-height=\"383\">\n              <img decoding=\"async\" class=\"u-back-image u-expanded\" src=\"https:\/\/ilgiardinodelmare.it\/wp-content\/uploads\/2026\/04\/mappa123etc-1.jpg\">\n            <\/div>\n            <div class=\"u-over-slide u-shading u-over-slide-4\"><\/div>\n          <\/div>\n          <div class=\"u-effect-hover-zoom u-gallery-item u-gallery-item-5\">\n            <div class=\"u-back-slide\" data-image-width=\"866\" data-image-height=\"548\">\n              <img decoding=\"async\" class=\"u-back-image u-expanded\" src=\"https:\/\/ilgiardinodelmare.it\/wp-content\/uploads\/2026\/04\/bungalowlavandacamera.jpg\">\n            <\/div>\n            <div class=\"u-over-slide u-shading u-over-slide-5\"><\/div>\n          <\/div>\n          <div class=\"u-effect-hover-zoom u-gallery-item u-gallery-item-6\">\n            <div class=\"u-back-slide\" data-image-width=\"1000\" data-image-height=\"750\">\n              <img decoding=\"async\" class=\"u-back-image u-expanded\" src=\"https:\/\/ilgiardinodelmare.it\/wp-content\/uploads\/2026\/04\/cameradoppialavanda.jpg\">\n            <\/div>\n            <div class=\"u-over-slide u-shading u-over-slide-6\"><\/div>\n          <\/div>\n          <div class=\"u-effect-hover-zoom u-gallery-item u-gallery-item-7\">\n            <div class=\"u-back-slide\" data-image-width=\"900\" data-image-height=\"603\">\n              <img decoding=\"async\" class=\"u-back-image u-expanded\" src=\"https:\/\/ilgiardinodelmare.it\/wp-content\/uploads\/2026\/04\/esterno4.jpg\">\n            <\/div>\n            <div class=\"u-over-slide u-shading u-over-slide-7\"><\/div>\n          <\/div>\n          <div class=\"u-effect-hover-zoom u-gallery-item u-gallery-item-8\">\n            <div class=\"u-back-slide\" data-image-width=\"900\" data-image-height=\"619\">\n              <img decoding=\"async\" class=\"u-back-image u-expanded\" src=\"https:\/\/ilgiardinodelmare.it\/wp-content\/uploads\/2026\/04\/vista4e5.jpg\">\n            <\/div>\n            <div class=\"u-over-slide u-shading u-over-slide-8\"><\/div>\n          <\/div>\n          <div class=\"u-effect-hover-zoom u-gallery-item u-gallery-item-9\">\n            <div class=\"u-back-slide\" data-image-width=\"1028\" data-image-height=\"768\">\n              <img decoding=\"async\" class=\"u-back-image u-expanded\" src=\"https:\/\/ilgiardinodelmare.it\/wp-content\/uploads\/2026\/04\/metebeachbook.jpg\">\n            <\/div>\n            <div class=\"u-over-slide u-shading u-over-slide-9\"><\/div>\n          <\/div>\n          <div class=\"u-effect-hover-zoom u-gallery-item u-gallery-item-10\">\n            <div class=\"u-back-slide\" data-image-width=\"605\" data-image-height=\"454\">\n              <img decoding=\"async\" class=\"u-back-image u-expanded\" src=\"https:\/\/ilgiardinodelmare.it\/wp-content\/uploads\/2026\/04\/giglidimare.jpg\">\n            <\/div>\n            <div class=\"u-over-slide u-shading u-over-slide-10\"><\/div>\n          <\/div>\n          <div class=\"u-effect-hover-zoom u-gallery-item u-gallery-item-11\">\n            <div class=\"u-back-slide\" data-image-width=\"1296\" data-image-height=\"972\">\n              <img decoding=\"async\" class=\"u-back-image u-expanded\" src=\"https:\/\/ilgiardinodelmare.it\/wp-content\/uploads\/2026\/04\/fotolodgy.jpg\">\n            <\/div>\n            <div class=\"u-over-slide u-shading u-over-slide-11\"><\/div>\n          <\/div>\n          <div class=\"u-effect-hover-zoom u-gallery-item\">\n            <div class=\"u-back-slide\" data-image-width=\"300\" data-image-height=\"250\">\n              <img decoding=\"async\" class=\"u-back-image u-expanded\" src=\"https:\/\/ilgiardinodelmare.it\/wp-content\/uploads\/2026\/04\/pianta-bgl1.gif\">\n            <\/div>\n            <div class=\"u-over-slide u-shading u-over-slide-12\"><\/div>\n          <\/div>\n        <\/div>\n      <\/div>\n    <\/section>\n    <section class=\"u-align-center u-clearfix u-container-align-center u-palette-1-light-2 u-section-5\" id=\"block-2\">\n      <div class=\"u-clearfix u-sheet u-sheet-1\">\n        <div class=\"custom-expanded data-layout-selected u-clearfix u-layout-wrap u-layout-wrap-1\">\n          <div class=\"u-layout\">\n            <div class=\"u-layout-row\">\n              <div class=\"u-container-style u-layout-cell u-palette-1-dark-2 u-radius u-shape-round u-size-22 u-layout-cell-1\" data-animation-name=\"customAnimationIn\" data-animation-duration=\"1500\">\n                <div class=\"u-container-layout u-container-layout-1\">\n                  <div class=\"u-image u-image-circle u-image-1\" alt=\"\" data-image-width=\"562\" data-image-height=\"542\" style=\"background-image: url(&quot;https:\/\/ilgiardinodelmare.it\/wp-content\/uploads\/2026\/04\/posizionebungali148.jpg&quot;);\"><\/div>\n                  <h3 class=\"u-align-left u-text u-text-1\"> Posizione&nbsp;<\/h3>\n                  <p class=\"u-align-left u-text u-text-2\"> I Bungali 1, 2, 3,&nbsp; 4&nbsp; e 5 si affacciano su via della Pineta, a pochi metri dal mare, attraverso un ombreggiato sentiero fra i pini.&nbsp;<br>\n                    <br>Bungalows 1, 2, 3, 4 and 5 overlook Via della Pineta, a few metres from the sea, through a shaded path among the pine trees.<br>\n                    <br>\n                  <\/p>\n                <\/div>\n              <\/div>\n              <div class=\"u-container-align-center u-container-style u-layout-cell u-size-38 u-layout-cell-2\" data-animation-name=\"customAnimationIn\" data-animation-duration=\"1500\" data-animation-delay=\"500\">\n                <div class=\"u-container-layout u-container-layout-2\">\n                  <h2 class=\"u-align-center u-text u-text-3\">Richiesta informazioni&nbsp;<\/h2>\n                  <h2 class=\"u-align-center u-text u-text-4\">Information&nbsp; &nbsp;Request&nbsp;<\/h2>\n                  <div class=\"u-form u-form-1\">\n                    <form action=\"https:\/\/service.nicepagesrv.com\/form\/v4\/form-process\" class=\"u-clearfix u-form-spacing-28 u-form-vertical u-inner-form\" source=\"email\" name=\"form\" style=\"padding: 0px;\">\n                      <div class=\"u-form-group u-form-name u-form-partition-factor-2 u-form-group-1\">\n                        <label for=\"name-8e54\" class=\"u-label\">First Name<\/label>\n                        <input type=\"text\" placeholder=\"Enter your First Name\" id=\"name-8e54\" name=\"name-1\" class=\"u-border-2 u-border-no-left u-border-no-right u-border-no-top u-border-palette-1-light-1 u-input u-input-rectangle u-none\" required=\"\">\n                      <\/div>\n                      <div class=\"u-form-group u-form-name u-form-partition-factor-2 u-form-group-2\">\n                        <label for=\"name-8e54\" class=\"u-label\">Last Name<\/label>\n                        <input type=\"text\" placeholder=\"Enter your Last Name\" id=\"name-8e54\" name=\"name-2\" class=\"u-border-2 u-border-no-left u-border-no-right u-border-no-top u-border-palette-1-light-1 u-input u-input-rectangle u-none\" required=\"\">\n                      <\/div>\n                      <div class=\"u-form-email u-form-group u-form-partition-factor-2\">\n                        <label for=\"email-c6a3\" class=\"u-label\">Email<\/label>\n                        <input type=\"email\" placeholder=\"Enter a valid email address\" id=\"email-c6a3\" name=\"email\" class=\"u-border-2 u-border-no-left u-border-no-right u-border-no-top u-border-palette-1-light-1 u-input u-input-rectangle u-none\" required=\"\">\n                      <\/div>\n                      <div class=\"u-form-group u-form-partition-factor-2 u-form-phone u-form-group-4\">\n                        <label for=\"phone-84d9\" class=\"u-label\">Phone<\/label>\n                        <input type=\"tel\" pattern=\"+?d{0,3}[s(-]?([0-9]{2,3})[s)-]?([s-]?)([0-9]{3})[s-]?([0-9]{2})[s-]?([0-9]{2})\" placeholder=\"Enter your phone (e.g. +14155552675)\" id=\"phone-84d9\" name=\"phone\" class=\"u-border-2 u-border-no-left u-border-no-right u-border-no-top u-border-palette-1-light-1 u-input u-input-rectangle u-none\" required=\"\">\n                      <\/div>\n                      <div class=\"u-form-group u-form-message\">\n                        <label for=\"message-c6a3\" class=\"u-label\">Message<\/label>\n                        <textarea placeholder=\"Enter your message\" rows=\"4\" cols=\"50\" id=\"message-c6a3\" name=\"message\" class=\"u-border-2 u-border-no-left u-border-no-right u-border-no-top u-border-palette-1-light-1 u-input u-input-rectangle u-none\" required=\"\"><\/textarea>\n                      <\/div>\n                      <div class=\"u-align-right u-form-group u-form-submit\">\n                        <a href=\"#\" class=\"u-active-palette-1-light-1 u-border-none u-btn u-btn-round u-btn-submit u-button-style u-hover-palette-1-light-1 u-radius u-white u-btn-1\">Submit<\/a>\n                        <input type=\"submit\" value=\"submit\" class=\"u-form-control-hidden\">\n                      <\/div>\n                      <div class=\"u-form-send-message u-form-send-success\">Grazie! Il tuo messaggio \u00e8 stato inviato.<\/div>\n                      <div class=\"u-form-send-error u-form-send-message\">Impossibile inviare il messaggio. Correggere gli errori e riprovare.<\/div>\n                      <input type=\"hidden\" value=\"\" name=\"recaptchaResponse\">\n                      <input type=\"hidden\" name=\"formServices\" value=\"257831e6-7184-87d7-30c3-33ae92a5a43b\">\n                    <\/form>\n                  <\/div>\n                <\/div>\n              <\/div>\n            <\/div>\n          <\/div>\n        <\/div>\n      <\/div>\n    <\/section>\n    \n    \n    \n    \n    \n    \n  \n","protected":false},"excerpt":{"rendered":"<p>Bungalow Lavanda 1&nbsp;&nbsp; &#8211;:&#8211; There are no available time slots for this date. You have successfully booked the appointment. Unable to book the appointment for this time slot. Please book another one. An unexpected error occurred. Il bungalow \u00e8 stato rinnovato pensando alle fresche estati del giugno mediterraneo, quando la lavanda \u00e8 in fiore e &hellip; <a href=\"https:\/\/ilgiardinodelmare.it\/index.php\/bungalow-lavanda-1\/\" class=\"more-link\">Continue reading<span class=\"screen-reader-text\"> &#8220;Bungalow Lavanda 1&#8221;<\/span><\/a><\/p>\n","protected":false},"author":1,"featured_media":0,"parent":0,"menu_order":11,"comment_status":"closed","ping_status":"closed","template":"","meta":{"footnotes":""},"class_list":["post-138","page","type-page","status-publish","hentry"],"_links":{"self":[{"href":"https:\/\/ilgiardinodelmare.it\/index.php\/wp-json\/wp\/v2\/pages\/138","targetHints":{"allow":["GET"]}}],"collection":[{"href":"https:\/\/ilgiardinodelmare.it\/index.php\/wp-json\/wp\/v2\/pages"}],"about":[{"href":"https:\/\/ilgiardinodelmare.it\/index.php\/wp-json\/wp\/v2\/types\/page"}],"author":[{"embeddable":true,"href":"https:\/\/ilgiardinodelmare.it\/index.php\/wp-json\/wp\/v2\/users\/1"}],"replies":[{"embeddable":true,"href":"https:\/\/ilgiardinodelmare.it\/index.php\/wp-json\/wp\/v2\/comments?post=138"}],"version-history":[{"count":8,"href":"https:\/\/ilgiardinodelmare.it\/index.php\/wp-json\/wp\/v2\/pages\/138\/revisions"}],"predecessor-version":[{"id":687,"href":"https:\/\/ilgiardinodelmare.it\/index.php\/wp-json\/wp\/v2\/pages\/138\/revisions\/687"}],"wp:attachment":[{"href":"https:\/\/ilgiardinodelmare.it\/index.php\/wp-json\/wp\/v2\/media?parent=138"}],"curies":[{"name":"wp","href":"https:\/\/api.w.org\/{rel}","templated":true}]}}